{"id":2,"date":"2025-08-28T07:56:02","date_gmt":"2025-08-28T07:56:02","guid":{"rendered":"https:\/\/ivekobrt.hr\/?page_id=2"},"modified":"2025-08-28T09:20:07","modified_gmt":"2025-08-28T09:20:07","slug":"sample-page","status":"publish","type":"page","link":"https:\/\/ivekobrt.hr\/","title":{"rendered":"Ivek"},"content":{"rendered":"\n<p><strong>Obrt za uslu\u017eno pe\u010denje mesa<\/strong><\/p>\n\n\n\n<figure class=\"wp-block-image size-full is-resized\"><img fetchpriority=\"high\" decoding=\"async\" width=\"750\" height=\"750\" src=\"https:\/\/ivekobrt.hr\/wp-content\/uploads\/2025\/08\/janjetina-2.webp\" alt=\"\" class=\"wp-image-15\" style=\"width:472px;height:auto\" srcset=\"https:\/\/ivekobrt.hr\/wp-content\/uploads\/2025\/08\/janjetina-2.webp 750w, https:\/\/ivekobrt.hr\/wp-content\/uploads\/2025\/08\/janjetina-2-300x300.webp 300w, https:\/\/ivekobrt.hr\/wp-content\/uploads\/2025\/08\/janjetina-2-150x150.webp 150w\" sizes=\"(max-width: 750px) 100vw, 750px\" \/><\/figure>\n\n\n\n<p>Na\u0161 obrt specijaliziran je za uslu\u017eno pe\u010denje mesa, s naglaskom na tradicionalnu pripremu odojaka i janjaca. S dugogodi\u0161njim iskustvom i velikom ljubavlju prema doma\u0107oj kuhinji, nudimo vrhunsku uslugu pe\u010denja koja jam\u010di so\u010dno, ukusno i savr\u0161eno pripremljeno meso za svaku prigodu.<\/p>\n\n\n\n<p>Bilo da organizirate svadbu, krstitke, ro\u0111endan, obiteljsku proslavu ili poslovni doga\u0111aj \u2013 pobrinut \u0107emo se da va\u0161i gosti u\u017eivaju u najboljem okusu tradicije. Meso pe\u010demo na klasi\u010dan na\u010din, uz pa\u017eljivo birane za\u010dine i optimalnu temperaturu, kako bi svaki zalogaj bio nezaboravan.<\/p>\n\n\n\n<p>Na\u0161a misija je spojiti kvalitetu, tradiciju i pouzdanost, a va\u0161e je samo da u\u017eivate u dru\u017eenju i slavlju dok mi brinemo o pe\u010denju.<\/p>\n\n\n\n<p><\/p>\n\n\n\n<figure class=\"wp-block-image size-large is-resized\"><img decoding=\"async\" width=\"1024\" height=\"683\" src=\"https:\/\/ivekobrt.hr\/wp-content\/uploads\/2025\/08\/22mag-eat-image-threeByTwoMediumAt2X-v2-1-1024x683.jpg\" alt=\"\" class=\"wp-image-27\" style=\"width:528px;height:auto\" srcset=\"https:\/\/ivekobrt.hr\/wp-content\/uploads\/2025\/08\/22mag-eat-image-threeByTwoMediumAt2X-v2-1-1024x683.jpg 1024w, https:\/\/ivekobrt.hr\/wp-content\/uploads\/2025\/08\/22mag-eat-image-threeByTwoMediumAt2X-v2-1-300x200.jpg 300w, https:\/\/ivekobrt.hr\/wp-content\/uploads\/2025\/08\/22mag-eat-image-threeByTwoMediumAt2X-v2-1-768x512.jpg 768w, https:\/\/ivekobrt.hr\/wp-content\/uploads\/2025\/08\/22mag-eat-image-threeByTwoMediumAt2X-v2-1.jpg 1500w\" sizes=\"(max-width: 1024px) 100vw, 1024px\" \/><\/figure>\n","protected":false},"excerpt":{"rendered":"<p>Obrt za uslu\u017eno pe\u010denje mesa Na\u0161 obrt specijaliziran je za uslu\u017eno pe\u010denje mesa, s naglaskom na tradicionalnu pripremu odojaka i janjaca. S dugogodi\u0161njim iskustvom i velikom ljubavlju prema doma\u0107oj kuhinji, nudimo vrhunsku uslugu pe\u010denja koja jam\u010di so\u010dno, ukusno i savr\u0161eno pripremljeno meso za svaku prigodu. Bilo da organizirate svadbu, krstitke, ro\u0111endan, obiteljsku proslavu ili poslovni [&hellip;]<\/p>\n","protected":false},"author":1,"featured_media":0,"parent":0,"menu_order":0,"comment_status":"closed","ping_status":"open","template":"","meta":{"footnotes":""},"class_list":["post-2","page","type-page","status-publish","hentry"],"_links":{"self":[{"href":"https:\/\/ivekobrt.hr\/index.php?rest_route=\/wp\/v2\/pages\/2","targetHints":{"allow":["GET"]}}],"collection":[{"href":"https:\/\/ivekobrt.hr\/index.php?rest_route=\/wp\/v2\/pages"}],"about":[{"href":"https:\/\/ivekobrt.hr\/index.php?rest_route=\/wp\/v2\/types\/page"}],"author":[{"embeddable":true,"href":"https:\/\/ivekobrt.hr\/index.php?rest_route=\/wp\/v2\/users\/1"}],"replies":[{"embeddable":true,"href":"https:\/\/ivekobrt.hr\/index.php?rest_route=%2Fwp%2Fv2%2Fcomments&post=2"}],"version-history":[{"count":3,"href":"https:\/\/ivekobrt.hr\/index.php?rest_route=\/wp\/v2\/pages\/2\/revisions"}],"predecessor-version":[{"id":28,"href":"https:\/\/ivekobrt.hr\/index.php?rest_route=\/wp\/v2\/pages\/2\/revisions\/28"}],"wp:attachment":[{"href":"https:\/\/ivekobrt.hr\/index.php?rest_route=%2Fwp%2Fv2%2Fmedia&parent=2"}],"curies":[{"name":"wp","href":"https:\/\/api.w.org\/{rel}","templated":true}]}}